{"id":24,"date":"2019-09-03T12:32:28","date_gmt":"2019-09-03T12:32:28","guid":{"rendered":"https:\/\/informationsarchitektur.ch\/ub-architektur\/?page_id=24"},"modified":"2021-03-24T10:33:59","modified_gmt":"2021-03-24T10:33:59","slug":"sample-page-3","status":"publish","type":"page","link":"https:\/\/informationsarchitektur.ch\/ub-architektur\/sample-page-3\/","title":{"rendered":"INFRASTRUKTUR"},"content":{"rendered":"<p><a href=\"https:\/\/informationsarchitektur.ch\/ub-architektur\/sample-page-3-2-3-2-2-3-8\/\">1988-1991 Masterplan, Teilbereich Nord, Basel <\/a><br \/>\n<a href=\"https:\/\/informationsarchitektur.ch\/ub-architektur\/sample-page-3-2-3-2-2-3-9\/\">1993-1997 L\u00e4rmschutzw\u00e4nde A2, Sissach-Tenniken<\/a><br \/>\n<a href=\"https:\/\/informationsarchitektur.ch\/ub-architektur\/sample-page-3-2-3-2-2-3-10\/\">1997-1999 L\u00e4rmschutzw\u00e4nde A2, Birsfelden<\/a><br \/>\n<a href=\"https:\/\/informationsarchitektur.ch\/ub-architektur\/sample-page-3-2-3-2-2-3-11\/\" data-wplink-edit=\"true\">2001 \u2013 2003 Tunnel Oberburg, Betriebszentrale, Diegten<\/a><br \/>\n<a href=\"https:\/\/informationsarchitektur.ch\/ub-architektur\/sample-page-3-2-3-2-2-3-12\/\">2001 \u2013 2003 Tunnel Ebenrain, Betriebszentrale, Sissach<\/a><br \/>\n<a href=\"https:\/\/informationsarchitektur.ch\/ub-architektur\/sample-page-3-2-3-2-2-3-13\/\">2003 \u2013 2006 Tunnel Arisdorf, Betriebszentrale\/Rauchgastrennw\u00e4nde, Arisdorf<\/a><br \/>\n<a href=\"https:\/\/informationsarchitektur.ch\/ub-architektur\/sample-page-3-2-3-2-2-3-14\/\">2003-2009 Rastpl\u00e4tze A2, M\u00fchlematt und Sonnenberg<\/a><br \/>\n<a href=\"https:\/\/informationsarchitektur.ch\/ub-architektur\/sample-page-3-2-3-2-2-3-15\/\">2004-2005 Unterf\u00fchrung SBB, Sursee<\/a><br \/>\n<a href=\"https:\/\/informationsarchitektur.ch\/ub-architektur\/sample-page-3-2-3-2-2-3-16\/\">1997 \u2013 2009 Tunnel Schweizerhalle, Galeriebauten und Portalzentralen, Muttenz<\/a><br \/>\n<a href=\"https:\/\/informationsarchitektur.ch\/ub-architektur\/sample-page-3-2-3-2-2-3-17\/\">2004 \u2013 2017 Tunnel Belchen, Portalzentralen Nord und S\u00fcd, Eptingen\/H\u00e4gendorf (Fertigstellung 2021)<\/a><a href=\"https:\/\/informationsarchitektur.ch\/ub-architektur\/sample-page-3-2-3-2-2-3-24\/\"><br \/>\n<\/a><a href=\"https:\/\/informationsarchitektur.ch\/ub-architektur\/sample-page-3-2-3-2-2-3-18\/\">2005 \u2013 2010 Tunnel Eggflue, Betriebs- und L\u00fcftungszentralen, Grellingen<\/a><a href=\"https:\/\/informationsarchitektur.ch\/ub-architektur\/sample-page-3-2-3-2-2-3-24\/\"><br \/>\n<\/a><a href=\"https:\/\/informationsarchitektur.ch\/ub-architektur\/sample-page-3-2-3-2-2-3-19\/\">2006 Unterf\u00fchrung R\u00f6tzmatt, Olten<\/a><a href=\"https:\/\/informationsarchitektur.ch\/ub-architektur\/sample-page-3-2-3-2-2-3-24\/\"><br \/>\n<\/a><a href=\"https:\/\/informationsarchitektur.ch\/ub-architektur\/sample-page-3-2-3-2-2-3-20\/\">2007 \u2013 2008 Tunnel Sch\u00f6nthal, Portalzentralen, Frenkendorf\/Liestal<\/a><a href=\"https:\/\/informationsarchitektur.ch\/ub-architektur\/sample-page-3-2-3-2-2-3-24\/\"><br \/>\n<\/a><a href=\"https:\/\/informationsarchitektur.ch\/ub-architektur\/sample-page-3-2-3-2-2-3-26\/\">2007-2009 Stadttunnel Zug<\/a><a href=\"https:\/\/informationsarchitektur.ch\/ub-architektur\/sample-page-3-2-3-2-2-3-24\/\"><br \/>\n<\/a><a href=\"https:\/\/informationsarchitektur.ch\/ub-architektur\/sample-page-3-2-3-2-2-3-21\/\">2009-2010 Umfahrung, Cham, H\u00fcnenberg<\/a><a href=\"https:\/\/informationsarchitektur.ch\/ub-architektur\/sample-page-3-2-3-2-2-3-24\/\"><br \/>\n<\/a><a href=\"https:\/\/informationsarchitektur.ch\/ub-architektur\/sample-page-3-2-3-2-2-3-22\/\">2010 Depot Wiese, Basel<\/a><a href=\"https:\/\/informationsarchitektur.ch\/ub-architektur\/sample-page-3-2-3-2-2-3-24\/\"><br \/>\n<\/a><a href=\"https:\/\/informationsarchitektur.ch\/ub-architektur\/sample-page-3-2-3-2-2-3-23\/\">2010-2012 Birsbr\u00fccke, Zwingen<\/a><a href=\"https:\/\/informationsarchitektur.ch\/ub-architektur\/sample-page-3-2-3-2-2-3-24\/\"><br \/>\n<\/a><a href=\"https:\/\/informationsarchitektur.ch\/ub-architektur\/sample-page-3-2-3-2-2-3-24\/\">2011 \u2013 2017 Tunnel Hagnau, Betriebszentrale, Basel<\/a><a href=\"https:\/\/informationsarchitektur.ch\/ub-architektur\/sample-page-3-2-3-2-2-3-24\/\"><br \/>\n<\/a><a href=\"https:\/\/informationsarchitektur.ch\/ub-architektur\/sample-page-3-2-3-2-2-3-25\/\">2014-2016 Roche-Parking II, Kaiseraugst<\/a><\/p>\n","protected":false},"excerpt":{"rendered":"<p>1988-1991 Masterplan, Teilbereich Nord, Basel 1993-1997 L\u00e4rmschutzw\u00e4nde A2, Sissach-Tenniken 1997-1999 L\u00e4rmschutzw\u00e4nde A2, Birsfelden 2001 \u2013 2003 Tunnel Oberburg, Betriebszentrale, Diegten 2001 \u2013 2003 Tunnel Ebenrain, Betriebszentrale, Sissach 2003 \u2013 2006 Tunnel Arisdorf, Betriebszentrale\/Rauchgastrennw\u00e4nde, Arisdorf 2003-2009 Rastpl\u00e4tze A2, M\u00fchlematt und Sonnenberg 2004-2005 Unterf\u00fchrung SBB, Sursee 1997 \u2013 2009 Tunnel Schweizerhalle, Galeriebauten und Portalzentralen, Muttenz 2004 \u2013 [&hellip;]<\/p>\n","protected":false},"author":1,"featured_media":0,"parent":0,"menu_order":0,"comment_status":"closed","ping_status":"open","template":"","meta":[],"_links":{"self":[{"href":"https:\/\/informationsarchitektur.ch\/ub-architektur\/wp-json\/wp\/v2\/pages\/24"}],"collection":[{"href":"https:\/\/informationsarchitektur.ch\/ub-architektur\/wp-json\/wp\/v2\/pages"}],"about":[{"href":"https:\/\/informationsarchitektur.ch\/ub-architektur\/wp-json\/wp\/v2\/types\/page"}],"author":[{"embeddable":true,"href":"https:\/\/informationsarchitektur.ch\/ub-architektur\/wp-json\/wp\/v2\/users\/1"}],"replies":[{"embeddable":true,"href":"https:\/\/informationsarchitektur.ch\/ub-architektur\/wp-json\/wp\/v2\/comments?post=24"}],"version-history":[{"count":24,"href":"https:\/\/informationsarchitektur.ch\/ub-architektur\/wp-json\/wp\/v2\/pages\/24\/revisions"}],"predecessor-version":[{"id":4923,"href":"https:\/\/informationsarchitektur.ch\/ub-architektur\/wp-json\/wp\/v2\/pages\/24\/revisions\/4923"}],"wp:attachment":[{"href":"https:\/\/informationsarchitektur.ch\/ub-architektur\/wp-json\/wp\/v2\/media?parent=24"}],"curies":[{"name":"wp","href":"https:\/\/api.w.org\/{rel}","templated":true}]}}