{"id":28,"date":"2019-09-03T12:33:06","date_gmt":"2019-09-03T12:33:06","guid":{"rendered":"https:\/\/informationsarchitektur.ch\/ub-architektur\/?page_id=28"},"modified":"2021-02-10T18:09:37","modified_gmt":"2021-02-10T18:09:37","slug":"sample-page-3-2-2","status":"publish","type":"page","link":"https:\/\/informationsarchitektur.ch\/ub-architektur\/sample-page-3-2-2\/","title":{"rendered":"WETTBEWERBE"},"content":{"rendered":"\n<p><a href=\"https:\/\/informationsarchitektur.ch\/ub-architektur\/sample-page-3-2-3-2-2-3-32\/\">1987-1991 Altstadt Liestal<\/a><br><a href=\"https:\/\/informationsarchitektur.ch\/ub-architektur\/sample-page-3-2-3-2-2-3-32-2\/\">1990 Kirchgemeindezentrum, Kirchstrasse, Birsfelden<\/a><br><a href=\"https:\/\/informationsarchitektur.ch\/ub-architektur\/sample-page-3-2-3-2-2-3-32-3\/\">1995 Neugestaltung Altstadt Brig<\/a><br><a href=\"https:\/\/informationsarchitektur.ch\/ub-architektur\/sample-page-3-2-3-2-2-3\/\">1996 DB Areal, Basel<\/a><br><a href=\"https:\/\/informationsarchitektur.ch\/ub-architektur\/sample-page-3-2-3-2-2-3-32-4\/\">1996 Ort der Besinnung, Gotthard Rastst\u00e4tte<\/a><br><a href=\"https:\/\/informationsarchitektur.ch\/ub-architektur\/sample-page-3-2-3-2-2-3-32-5\/\">1998-2000 \u00dcberdachung, Marktgasse, Rheinfelden<\/a><br><a href=\"https:\/\/informationsarchitektur.ch\/ub-architektur\/sample-page-3-2-3-2-2-3-32-6\/\">2003 Museum W\u00fcrth, Erstein, France<\/a><br><a href=\"https:\/\/informationsarchitektur.ch\/ub-architektur\/sample-page-3-2-3-2-2-3-32-7\/\">2007 Birke, Bromh\u00fcbelweg, Arlesheim<\/a><\/p>\n","protected":false},"excerpt":{"rendered":"<p>1987-1991 Altstadt Liestal1990 Kirchgemeindezentrum, Kirchstrasse, Birsfelden1995 Neugestaltung Altstadt Brig1996 DB Areal, Basel1996 Ort der Besinnung, Gotthard Rastst\u00e4tte1998-2000 \u00dcberdachung, Marktgasse, Rheinfelden2003 Museum W\u00fcrth, Erstein, France2007 Birke, Bromh\u00fcbelweg, Arlesheim<\/p>\n","protected":false},"author":1,"featured_media":0,"parent":0,"menu_order":0,"comment_status":"closed","ping_status":"open","template":"","meta":[],"_links":{"self":[{"href":"https:\/\/informationsarchitektur.ch\/ub-architektur\/wp-json\/wp\/v2\/pages\/28"}],"collection":[{"href":"https:\/\/informationsarchitektur.ch\/ub-architektur\/wp-json\/wp\/v2\/pages"}],"about":[{"href":"https:\/\/informationsarchitektur.ch\/ub-architektur\/wp-json\/wp\/v2\/types\/page"}],"author":[{"embeddable":true,"href":"https:\/\/informationsarchitektur.ch\/ub-architektur\/wp-json\/wp\/v2\/users\/1"}],"replies":[{"embeddable":true,"href":"https:\/\/informationsarchitektur.ch\/ub-architektur\/wp-json\/wp\/v2\/comments?post=28"}],"version-history":[{"count":8,"href":"https:\/\/informationsarchitektur.ch\/ub-architektur\/wp-json\/wp\/v2\/pages\/28\/revisions"}],"predecessor-version":[{"id":3538,"href":"https:\/\/informationsarchitektur.ch\/ub-architektur\/wp-json\/wp\/v2\/pages\/28\/revisions\/3538"}],"wp:attachment":[{"href":"https:\/\/informationsarchitektur.ch\/ub-architektur\/wp-json\/wp\/v2\/media?parent=28"}],"curies":[{"name":"wp","href":"https:\/\/api.w.org\/{rel}","templated":true}]}}