{"id":30,"date":"2019-09-03T12:33:27","date_gmt":"2019-09-03T12:33:27","guid":{"rendered":"https:\/\/informationsarchitektur.ch\/ub-architektur\/?page_id=30"},"modified":"2021-10-20T10:06:42","modified_gmt":"2021-10-20T10:06:42","slug":"sample-page-3-2-2-2","status":"publish","type":"page","link":"https:\/\/informationsarchitektur.ch\/ub-architektur\/sample-page-3-2-2-2\/","title":{"rendered":"WOHNUNGSBAU"},"content":{"rendered":"\n<p><a href=\"https:\/\/informationsarchitektur.ch\/ub-architektur\/sample-page-3-2-3-2-2-3-32-8\/\">1988-1992 EFH, Hauptstrasse, Wittnau<\/a><br><a href=\"https:\/\/informationsarchitektur.ch\/ub-architektur\/sample-page-3-2-3-2-2-3-32-9\/\">1988-1991 MFH, Geissgasse, Rheinfelden<\/a><br><a href=\"https:\/\/informationsarchitektur.ch\/ub-architektur\/sample-page-3-2-3-2-2-3-32-10\/\">1990-1991 EFH, M\u00fchlerain, Kleinl\u00fctzel<\/a><br><a href=\"https:\/\/informationsarchitektur.ch\/ub-architektur\/sample-page-3-2-3-2-2-3-32-11\/\">1993-1994 MFH, Steinb\u00fchlallee, Allschwil<\/a><br><a href=\"https:\/\/informationsarchitektur.ch\/ub-architektur\/sample-page-3-2-3-2-2-3-32-13\/\">1993 MFH, Hauptstrasse, Binningen<\/a><br><a href=\"https:\/\/informationsarchitektur.ch\/ub-architektur\/sample-page-3-2-3-2-2-3-32-14\/\">1994-1995 MFH, Gatternweg, Riehen<\/a><br><a href=\"https:\/\/informationsarchitektur.ch\/ub-architektur\/sample-page-3-2-3-2-2-3-32-15\/\">1995-1996 EFH, Lanzenbergstrasse, Magden<\/a><br><a href=\"https:\/\/informationsarchitektur.ch\/ub-architektur\/sample-page-3-2-3-2-2-3-32-16\/\">1997 EFH, Ob den Reben, Wallbach<\/a><br><a href=\"https:\/\/informationsarchitektur.ch\/ub-architektur\/sample-page-3-2-3-2-2-3-32-17\/\">1997 ETW, Bannwartweg, Basel<\/a><br><a href=\"https:\/\/informationsarchitektur.ch\/ub-architektur\/sample-page-3-2-3-2-2-3-32-18\/\">2002-2003 EFH, Hauptstrasse, Magden<\/a><br><a href=\"https:\/\/informationsarchitektur.ch\/ub-architektur\/sample-page-3-2-3-2-2-3-32-19\/\">2005-2007 EFH, Rustico, Corcapolo<\/a><br><a href=\"https:\/\/informationsarchitektur.ch\/ub-architektur\/sample-page-3-2-3-2-2-3-32-20\/\">2006-2007 EFH, Haus Gogw\u00e4rgi, Obergesteln<\/a><br><a href=\"https:\/\/informationsarchitektur.ch\/ub-architektur\/sample-page-3-2-3-2-2-3-32-21\/\">2006-2007 MFH, Steinenring, Basel<\/a><br><a href=\"https:\/\/informationsarchitektur.ch\/ub-architektur\/sample-page-3-2-3-2-2-3-32-22\/\">2009 ETW, Mittlere Strasse, Basel<\/a><br><a href=\"https:\/\/informationsarchitektur.ch\/ub-architektur\/sample-page-3-2-3-2-2-3-32-23\/\">2009-2010 MFH, Birsmattstrasse, Therwil<\/a><br><a href=\"https:\/\/informationsarchitektur.ch\/ub-architektur\/sample-page-3-2-3-2-2-3-32-24\/\">2010-2011 EFH, Sch\u00fcpberg, Sch\u00fcpfen<\/a><br><a href=\"https:\/\/informationsarchitektur.ch\/ub-architektur\/sample-page-3-2-3-2-2-3-32-25\/\">2011 ETW, M\u00fchlegasse, Frick<\/a><br><a href=\"https:\/\/informationsarchitektur.ch\/ub-architektur\/2015-2019-efh-titterten-mit-st-ritschl-dipl-arch-eth-sia-bubendorf\/\" data-type=\"page\" data-id=\"2560\">2015\u20132019 EFH, Titterten (in Zusammenarbeit mit St. Ritschl, Dipl. Arch. ETH\/SIA, Bubendorf)<\/a> <br><a href=\"https:\/\/informationsarchitektur.ch\/ub-architektur\/2020-2021-mfh-pv-anlage-bannwartweg-30-basel\/\" data-type=\"page\" data-id=\"2560\">2020-2021 MFH, PV-Anlage, Bannwartweg, Basel<\/a><\/p>\n","protected":false},"excerpt":{"rendered":"<p>1988-1992 EFH, Hauptstrasse, Wittnau1988-1991 MFH, Geissgasse, Rheinfelden1990-1991 EFH, M\u00fchlerain, Kleinl\u00fctzel1993-1994 MFH, Steinb\u00fchlallee, Allschwil1993 MFH, Hauptstrasse, Binningen1994-1995 MFH, Gatternweg, Riehen1995-1996 EFH, Lanzenbergstrasse, Magden1997 EFH, Ob den Reben, Wallbach1997 ETW, Bannwartweg, Basel2002-2003 EFH, Hauptstrasse, Magden2005-2007 EFH, Rustico, Corcapolo2006-2007 EFH, Haus Gogw\u00e4rgi, Obergesteln2006-2007 MFH, Steinenring, Basel2009 ETW, Mittlere Strasse, Basel2009-2010 MFH, Birsmattstrasse, Therwil2010-2011 EFH, Sch\u00fcpberg, Sch\u00fcpfen2011 ETW, M\u00fchlegasse, [&hellip;]<\/p>\n","protected":false},"author":1,"featured_media":0,"parent":0,"menu_order":0,"comment_status":"closed","ping_status":"open","template":"","meta":[],"_links":{"self":[{"href":"https:\/\/informationsarchitektur.ch\/ub-architektur\/wp-json\/wp\/v2\/pages\/30"}],"collection":[{"href":"https:\/\/informationsarchitektur.ch\/ub-architektur\/wp-json\/wp\/v2\/pages"}],"about":[{"href":"https:\/\/informationsarchitektur.ch\/ub-architektur\/wp-json\/wp\/v2\/types\/page"}],"author":[{"embeddable":true,"href":"https:\/\/informationsarchitektur.ch\/ub-architektur\/wp-json\/wp\/v2\/users\/1"}],"replies":[{"embeddable":true,"href":"https:\/\/informationsarchitektur.ch\/ub-architektur\/wp-json\/wp\/v2\/comments?post=30"}],"version-history":[{"count":14,"href":"https:\/\/informationsarchitektur.ch\/ub-architektur\/wp-json\/wp\/v2\/pages\/30\/revisions"}],"predecessor-version":[{"id":5679,"href":"https:\/\/informationsarchitektur.ch\/ub-architektur\/wp-json\/wp\/v2\/pages\/30\/revisions\/5679"}],"wp:attachment":[{"href":"https:\/\/informationsarchitektur.ch\/ub-architektur\/wp-json\/wp\/v2\/media?parent=30"}],"curies":[{"name":"wp","href":"https:\/\/api.w.org\/{rel}","templated":true}]}}